{"id":55673,"date":"2024-02-01T12:00:00","date_gmt":"2024-02-01T12:00:00","guid":{"rendered":"https:\/\/reluxeharmony.com\/guide-pour-soumettre-une-eoi-avant-le-lancement\/"},"modified":"2024-02-01T12:00:00","modified_gmt":"2024-02-01T12:00:00","slug":"guide-pour-soumettre-une-eoi-avant-le-lancement","status":"publish","type":"page","link":"https:\/\/reluxeharmony.com\/fr\/guide-pour-soumettre-une-eoi-avant-le-lancement\/","title":{"rendered":"Guide pour soumettre une EOI avant le lancement"},"content":{"rendered":"\t\t<div data-elementor-type=\"wp-page\" data-elementor-id=\"55673\" class=\"elementor elementor-55673 elementor-55643\" data-elementor-post-type=\"page\">\n\t\t\t\t\t\t<section class=\"elementor-section elementor-top-section elementor-element elementor-element-d4564aa elementor-section-boxed elementor-section-height-default elementor-section-height-default\" data-id=\"d4564aa\" data-element_type=\"section\" data-settings=\"{&quot;background_background&quot;:&quot;classic&quot;}\">\n\t\t\t\t\t\t\t<div class=\"elementor-background-overlay\"><\/div>\n\t\t\t\t\t\t\t<div class=\"elementor-container elementor-column-gap-default\">\n\t\t\t\t\t<div class=\"elementor-column elementor-col-100 elementor-top-column elementor-element elementor-element-fd8a776\" data-id=\"fd8a776\" data-element_type=\"column\">\n\t\t\t<div class=\"elementor-widget-wrap elementor-element-populated\">\n\t\t\t\t\t\t<section class=\"elementor-section elementor-inner-section elementor-element elementor-element-cde3146 elementor-section-boxed elementor-section-height-default elementor-section-height-default\" data-id=\"cde3146\" data-element_type=\"section\">\n\t\t\t\t\t\t<div class=\"elementor-container elementor-column-gap-default\">\n\t\t\t\t\t<div class=\"elementor-column elementor-col-50 elementor-inner-column elementor-element elementor-element-7ee732f\" data-id=\"7ee732f\" data-element_type=\"column\">\n\t\t\t<div class=\"elementor-widget-wrap\">\n\t\t\t\t\t\t\t<\/div>\n\t\t<\/div>\n\t\t\t\t<div class=\"elementor-column elementor-col-50 elementor-inner-column elementor-element elementor-element-81d28b3\" data-id=\"81d28b3\" data-element_type=\"column\">\n\t\t\t<div class=\"elementor-widget-wrap elementor-element-populated\">\n\t\t\t\t\t\t<div class=\"elementor-element elementor-element-5b5926d elementor-widget elementor-widget-spacer\" data-id=\"5b5926d\" data-element_type=\"widget\" data-widget_type=\"spacer.default\">\n\t\t\t\t<div class=\"elementor-widget-container\">\n\t\t\t\t\t\t\t<div class=\"elementor-spacer\">\n\t\t\t<div class=\"elementor-spacer-inner\"><\/div>\n\t\t<\/div>\n\t\t\t\t\t\t<\/div>\n\t\t\t\t<\/div>\n\t\t\t\t<div class=\"elementor-element elementor-element-d14ea23 elementor-invisible elementor-widget elementor-widget-heading\" data-id=\"d14ea23\" data-element_type=\"widget\" data-settings=\"{&quot;_animation&quot;:&quot;fadeIn&quot;}\" data-widget_type=\"heading.default\">\n\t\t\t\t<div class=\"elementor-widget-container\">\n\t\t\t\t\t<h2 class=\"elementor-heading-title elementor-size-default\">Guide pour soumettre une EOI avant le lancement<\/h2>\t\t\t\t<\/div>\n\t\t\t\t<\/div>\n\t\t\t\t<div class=\"elementor-element elementor-element-9f31f6b elementor-widget elementor-widget-spacer\" data-id=\"9f31f6b\" data-element_type=\"widget\" data-widget_type=\"spacer.default\">\n\t\t\t\t<div class=\"elementor-widget-container\">\n\t\t\t\t\t\t\t<div class=\"elementor-spacer\">\n\t\t\t<div class=\"elementor-spacer-inner\"><\/div>\n\t\t<\/div>\n\t\t\t\t\t\t<\/div>\n\t\t\t\t<\/div>\n\t\t\t\t\t<\/div>\n\t\t<\/div>\n\t\t\t\t\t<\/div>\n\t\t<\/section>\n\t\t\t\t\t<\/div>\n\t\t<\/div>\n\t\t\t\t\t<\/div>\n\t\t<\/section>\n\t\t\t\t<section class=\"elementor-section elementor-top-section elementor-element elementor-element-1013ca3 elementor-section-boxed elementor-section-height-default elementor-section-height-default elementor-invisible\" data-id=\"1013ca3\" data-element_type=\"section\" data-settings=\"{&quot;animation&quot;:&quot;fadeIn&quot;}\">\n\t\t\t\t\t\t<div class=\"elementor-container elementor-column-gap-default\">\n\t\t\t\t\t<div class=\"elementor-column elementor-col-50 elementor-top-column elementor-element elementor-element-a08380a\" data-id=\"a08380a\" data-element_type=\"column\">\n\t\t\t<div class=\"elementor-widget-wrap elementor-element-populated\">\n\t\t\t\t\t\t<div class=\"elementor-element elementor-element-7a658bc elementor-widget elementor-widget-text-editor\" data-id=\"7a658bc\" data-element_type=\"widget\" data-widget_type=\"text-editor.default\">\n\t\t\t\t<div class=\"elementor-widget-container\">\n\t\t\t\t\t\t\t\t\t<p>Dans l&#8217;immobilier, EOI signifie <strong>Expression d&#8217;Int\u00e9r\u00eat<\/strong>. Cela permet \u00e0 un acheteur ou \u00e0 un investisseur d&#8217;exprimer son d\u00e9sir d&#8217;acheter ou d&#8217;investir dans une propri\u00e9t\u00e9 en payant un petit montant.<\/p><ul><li>Une EOI est g\u00e9n\u00e9ralement sans engagement et peut \u00eatre conditionnelle, ce qui signifie qu&#8217;elle ne cr\u00e9e pas d&#8217;obligation l\u00e9gale pour l&#8217;acheteur de poursuive l&#8217;achat. En g\u00e9n\u00e9ral, une EOI est remboursable si la demande de remboursement est soumise \u00e0 temps et qu&#8217;une unit\u00e9 insatisfaisante est attribu\u00e9e. Cependant, il existe des situations o\u00f9 l&#8217;EOI peut ne pas \u00eatre rembours\u00e9e, en fonction des conditions d\u00e9finies par diff\u00e9rents promoteurs. L\u2019agent immobilier peut aider tout au long du processus.<\/li><li>Le march\u00e9 immobilier \u00e0 Duba\u00ef est si dynamique qu&#8217;au moment du lancement, les unit\u00e9s tr\u00e8s recherch\u00e9es se vendent souvent rapidement. Par cons\u00e9quent, il est crucial de soumettre l&#8217;EOI rapidement avant le lancement. Agir t\u00f4t peut \u00eatre un facteur cl\u00e9 pour r\u00e9ussir \u00e0 s\u00e9curiser une propri\u00e9t\u00e9 souhait\u00e9e.<\/li><\/ul><p><strong><b>Processus :<\/b><\/strong><\/p><ul><li>Le d\u00e9lai de soumission de l&#8217;EOI est tr\u00e8s limit\u00e9, g\u00e9n\u00e9ralement moins d&#8217;une semaine.<\/li><li>L&#8217;EOI peut \u00eatre soumise par ch\u00e8que pour les r\u00e9sidents et par virement bancaire pour les acheteurs \u00e0 l&#8217;\u00e9tranger.<\/li><li>Certains documents sont requis et peuvent \u00eatre envoy\u00e9s par email \u00e0 l\u2019agent immobilier, y compris une copie des passeports, une copie de la carte d&#8217;identit\u00e9 des \u00c9mirats pour les r\u00e9sidents, le formulaire EOI (qui inclut le nom complet, l&#8217;adresse, l&#8217;email, le num\u00e9ro de t\u00e9l\u00e9phone, le type de propri\u00e9t\u00e9, le budget et la vue s\u2019il s\u2019agit d\u2019un appartement, \u2026), et certains promoteurs peuvent exiger un formulaire d&#8217;autorisation de paiement.<\/li><\/ul><p>\u00a0<\/p>\t\t\t\t\t\t\t\t<\/div>\n\t\t\t\t<\/div>\n\t\t\t\t\t<\/div>\n\t\t<\/div>\n\t\t\t\t<div class=\"elementor-column elementor-col-50 elementor-top-column elementor-element elementor-element-7da6cdd\" data-id=\"7da6cdd\" data-element_type=\"column\">\n\t\t\t<div class=\"elementor-widget-wrap elementor-element-populated\">\n\t\t\t\t\t\t<div class=\"elementor-element elementor-element-77423b5 elementor-widget elementor-widget-image\" data-id=\"77423b5\" data-element_type=\"widget\" data-widget_type=\"image.default\">\n\t\t\t\t<div class=\"elementor-widget-container\">\n\t\t\t\t\t\t\t\t\t\t\t\t\t\t\t<img fetchpriority=\"high\" decoding=\"async\" width=\"1024\" height=\"1024\" src=\"https:\/\/reluxeharmony.com\/wp-content\/uploads\/2023\/12\/WhatsApp-Image-2023-12-17-at-3.21.31-PM-1024x1024.jpeg\" class=\"attachment-large size-large wp-image-54003\" alt=\"\" srcset=\"https:\/\/reluxeharmony.com\/wp-content\/uploads\/2023\/12\/WhatsApp-Image-2023-12-17-at-3.21.31-PM-1024x1024.jpeg 1024w, https:\/\/reluxeharmony.com\/wp-content\/uploads\/2023\/12\/WhatsApp-Image-2023-12-17-at-3.21.31-PM-300x300.jpeg 300w, https:\/\/reluxeharmony.com\/wp-content\/uploads\/2023\/12\/WhatsApp-Image-2023-12-17-at-3.21.31-PM-150x150.jpeg 150w, https:\/\/reluxeharmony.com\/wp-content\/uploads\/2023\/12\/WhatsApp-Image-2023-12-17-at-3.21.31-PM-768x768.jpeg 768w, https:\/\/reluxeharmony.com\/wp-content\/uploads\/2023\/12\/WhatsApp-Image-2023-12-17-at-3.21.31-PM-600x600.jpeg 600w, https:\/\/reluxeharmony.com\/wp-content\/uploads\/2023\/12\/WhatsApp-Image-2023-12-17-at-3.21.31-PM-496x496.jpeg 496w, https:\/\/reluxeharmony.com\/wp-content\/uploads\/2023\/12\/WhatsApp-Image-2023-12-17-at-3.21.31-PM.jpeg 1280w\" sizes=\"(max-width: 1024px) 100vw, 1024px\" \/>\t\t\t\t\t\t\t\t\t\t\t\t\t\t\t<\/div>\n\t\t\t\t<\/div>\n\t\t\t\t\t<\/div>\n\t\t<\/div>\n\t\t\t\t\t<\/div>\n\t\t<\/section>\n\t\t\t\t<\/div>\n\t\t","protected":false},"excerpt":{"rendered":"<p>Guide pour soumettre une EOI avant le lancement Dans l&#8217;immobilier, EOI signifie Expression d&#8217;Int\u00e9r\u00eat. Cela permet \u00e0 un acheteur ou \u00e0 un investisseur d&#8217;exprimer son d\u00e9sir d&#8217;acheter ou d&#8217;investir dans une propri\u00e9t\u00e9 en payant un petit montant. Une EOI est g\u00e9n\u00e9ralement sans engagement et peut \u00eatre conditionnelle, ce qui signifie qu&#8217;elle ne cr\u00e9e pas d&#8217;obligation [&hellip;]<\/p>\n","protected":false},"author":2,"featured_media":0,"parent":0,"menu_order":0,"comment_status":"closed","ping_status":"closed","template":"template\/template-homepage.php","meta":{"footnotes":""},"class_list":["post-55673","page","type-page","status-publish","hentry"],"yoast_head":"<!-- This site is optimized with the Yoast SEO plugin v26.8 - https:\/\/yoast.com\/product\/yoast-seo-wordpress\/ -->\n<title>Guide pour soumettre une EOI avant le lancement - Luxe Harmony Real Estate in Dubai<\/title>\n<meta name=\"robots\" content=\"index, follow, max-snippet:-1, max-image-preview:large, max-video-preview:-1\" \/>\n<link rel=\"canonical\" href=\"https:\/\/reluxeharmony.com\/fr\/guide-pour-soumettre-une-eoi-avant-le-lancement\/\" \/>\n<meta property=\"og:locale\" content=\"fr_FR\" \/>\n<meta property=\"og:type\" content=\"article\" \/>\n<meta property=\"og:title\" content=\"Guide pour soumettre une EOI avant le lancement - Luxe Harmony Real Estate in Dubai\" \/>\n<meta property=\"og:description\" content=\"Guide pour soumettre une EOI avant le lancement Dans l&#8217;immobilier, EOI signifie Expression d&#8217;Int\u00e9r\u00eat. Cela permet \u00e0 un acheteur ou \u00e0 un investisseur d&#8217;exprimer son d\u00e9sir d&#8217;acheter ou d&#8217;investir dans une propri\u00e9t\u00e9 en payant un petit montant. Une EOI est g\u00e9n\u00e9ralement sans engagement et peut \u00eatre conditionnelle, ce qui signifie qu&#8217;elle ne cr\u00e9e pas d&#8217;obligation [&hellip;]\" \/>\n<meta property=\"og:url\" content=\"https:\/\/reluxeharmony.com\/fr\/guide-pour-soumettre-une-eoi-avant-le-lancement\/\" \/>\n<meta property=\"og:site_name\" content=\"Luxe Harmony Real Estate in Dubai\" \/>\n<meta property=\"og:image\" content=\"https:\/\/reluxeharmony.com\/wp-content\/uploads\/2023\/12\/WhatsApp-Image-2023-12-17-at-3.21.31-PM-1024x1024.jpeg\" \/>\n<meta name=\"twitter:card\" content=\"summary_large_image\" \/>\n<meta name=\"twitter:label1\" content=\"Dur\u00e9e de lecture estim\u00e9e\" \/>\n\t<meta name=\"twitter:data1\" content=\"1 minute\" \/>\n<script type=\"application\/ld+json\" class=\"yoast-schema-graph\">{\"@context\":\"https:\/\/schema.org\",\"@graph\":[{\"@type\":\"WebPage\",\"@id\":\"https:\/\/reluxeharmony.com\/fr\/guide-pour-soumettre-une-eoi-avant-le-lancement\/\",\"url\":\"https:\/\/reluxeharmony.com\/fr\/guide-pour-soumettre-une-eoi-avant-le-lancement\/\",\"name\":\"Guide pour soumettre une EOI avant le lancement - Luxe Harmony Real Estate in Dubai\",\"isPartOf\":{\"@id\":\"https:\/\/reluxeharmony.com\/fr\/#website\"},\"primaryImageOfPage\":{\"@id\":\"https:\/\/reluxeharmony.com\/fr\/guide-pour-soumettre-une-eoi-avant-le-lancement\/#primaryimage\"},\"image\":{\"@id\":\"https:\/\/reluxeharmony.com\/fr\/guide-pour-soumettre-une-eoi-avant-le-lancement\/#primaryimage\"},\"thumbnailUrl\":\"https:\/\/reluxeharmony.com\/wp-content\/uploads\/2023\/12\/WhatsApp-Image-2023-12-17-at-3.21.31-PM-1024x1024.jpeg\",\"datePublished\":\"2024-02-01T12:00:00+00:00\",\"breadcrumb\":{\"@id\":\"https:\/\/reluxeharmony.com\/fr\/guide-pour-soumettre-une-eoi-avant-le-lancement\/#breadcrumb\"},\"inLanguage\":\"fr-FR\",\"potentialAction\":[{\"@type\":\"ReadAction\",\"target\":[\"https:\/\/reluxeharmony.com\/fr\/guide-pour-soumettre-une-eoi-avant-le-lancement\/\"]}]},{\"@type\":\"ImageObject\",\"inLanguage\":\"fr-FR\",\"@id\":\"https:\/\/reluxeharmony.com\/fr\/guide-pour-soumettre-une-eoi-avant-le-lancement\/#primaryimage\",\"url\":\"https:\/\/reluxeharmony.com\/wp-content\/uploads\/2023\/12\/WhatsApp-Image-2023-12-17-at-3.21.31-PM-1024x1024.jpeg\",\"contentUrl\":\"https:\/\/reluxeharmony.com\/wp-content\/uploads\/2023\/12\/WhatsApp-Image-2023-12-17-at-3.21.31-PM-1024x1024.jpeg\"},{\"@type\":\"BreadcrumbList\",\"@id\":\"https:\/\/reluxeharmony.com\/fr\/guide-pour-soumettre-une-eoi-avant-le-lancement\/#breadcrumb\",\"itemListElement\":[{\"@type\":\"ListItem\",\"position\":1,\"name\":\"Home\",\"item\":\"https:\/\/reluxeharmony.com\/fr\/\"},{\"@type\":\"ListItem\",\"position\":2,\"name\":\"Guide pour soumettre une EOI avant le lancement\"}]},{\"@type\":\"WebSite\",\"@id\":\"https:\/\/reluxeharmony.com\/fr\/#website\",\"url\":\"https:\/\/reluxeharmony.com\/fr\/\",\"name\":\"Luxe Harmony Real Estate in Dubai\",\"description\":\"\",\"potentialAction\":[{\"@type\":\"SearchAction\",\"target\":{\"@type\":\"EntryPoint\",\"urlTemplate\":\"https:\/\/reluxeharmony.com\/fr\/?s={search_term_string}\"},\"query-input\":{\"@type\":\"PropertyValueSpecification\",\"valueRequired\":true,\"valueName\":\"search_term_string\"}}],\"inLanguage\":\"fr-FR\"}]}<\/script>\n<!-- \/ Yoast SEO plugin. -->","yoast_head_json":{"title":"Guide pour soumettre une EOI avant le lancement - Luxe Harmony Real Estate in Dubai","robots":{"index":"index","follow":"follow","max-snippet":"max-snippet:-1","max-image-preview":"max-image-preview:large","max-video-preview":"max-video-preview:-1"},"canonical":"https:\/\/reluxeharmony.com\/fr\/guide-pour-soumettre-une-eoi-avant-le-lancement\/","og_locale":"fr_FR","og_type":"article","og_title":"Guide pour soumettre une EOI avant le lancement - Luxe Harmony Real Estate in Dubai","og_description":"Guide pour soumettre une EOI avant le lancement Dans l&#8217;immobilier, EOI signifie Expression d&#8217;Int\u00e9r\u00eat. Cela permet \u00e0 un acheteur ou \u00e0 un investisseur d&#8217;exprimer son d\u00e9sir d&#8217;acheter ou d&#8217;investir dans une propri\u00e9t\u00e9 en payant un petit montant. Une EOI est g\u00e9n\u00e9ralement sans engagement et peut \u00eatre conditionnelle, ce qui signifie qu&#8217;elle ne cr\u00e9e pas d&#8217;obligation [&hellip;]","og_url":"https:\/\/reluxeharmony.com\/fr\/guide-pour-soumettre-une-eoi-avant-le-lancement\/","og_site_name":"Luxe Harmony Real Estate in Dubai","og_image":[{"url":"https:\/\/reluxeharmony.com\/wp-content\/uploads\/2023\/12\/WhatsApp-Image-2023-12-17-at-3.21.31-PM-1024x1024.jpeg","type":"","width":"","height":""}],"twitter_card":"summary_large_image","twitter_misc":{"Dur\u00e9e de lecture estim\u00e9e":"1 minute"},"schema":{"@context":"https:\/\/schema.org","@graph":[{"@type":"WebPage","@id":"https:\/\/reluxeharmony.com\/fr\/guide-pour-soumettre-une-eoi-avant-le-lancement\/","url":"https:\/\/reluxeharmony.com\/fr\/guide-pour-soumettre-une-eoi-avant-le-lancement\/","name":"Guide pour soumettre une EOI avant le lancement - Luxe Harmony Real Estate in Dubai","isPartOf":{"@id":"https:\/\/reluxeharmony.com\/fr\/#website"},"primaryImageOfPage":{"@id":"https:\/\/reluxeharmony.com\/fr\/guide-pour-soumettre-une-eoi-avant-le-lancement\/#primaryimage"},"image":{"@id":"https:\/\/reluxeharmony.com\/fr\/guide-pour-soumettre-une-eoi-avant-le-lancement\/#primaryimage"},"thumbnailUrl":"https:\/\/reluxeharmony.com\/wp-content\/uploads\/2023\/12\/WhatsApp-Image-2023-12-17-at-3.21.31-PM-1024x1024.jpeg","datePublished":"2024-02-01T12:00:00+00:00","breadcrumb":{"@id":"https:\/\/reluxeharmony.com\/fr\/guide-pour-soumettre-une-eoi-avant-le-lancement\/#breadcrumb"},"inLanguage":"fr-FR","potentialAction":[{"@type":"ReadAction","target":["https:\/\/reluxeharmony.com\/fr\/guide-pour-soumettre-une-eoi-avant-le-lancement\/"]}]},{"@type":"ImageObject","inLanguage":"fr-FR","@id":"https:\/\/reluxeharmony.com\/fr\/guide-pour-soumettre-une-eoi-avant-le-lancement\/#primaryimage","url":"https:\/\/reluxeharmony.com\/wp-content\/uploads\/2023\/12\/WhatsApp-Image-2023-12-17-at-3.21.31-PM-1024x1024.jpeg","contentUrl":"https:\/\/reluxeharmony.com\/wp-content\/uploads\/2023\/12\/WhatsApp-Image-2023-12-17-at-3.21.31-PM-1024x1024.jpeg"},{"@type":"BreadcrumbList","@id":"https:\/\/reluxeharmony.com\/fr\/guide-pour-soumettre-une-eoi-avant-le-lancement\/#breadcrumb","itemListElement":[{"@type":"ListItem","position":1,"name":"Home","item":"https:\/\/reluxeharmony.com\/fr\/"},{"@type":"ListItem","position":2,"name":"Guide pour soumettre une EOI avant le lancement"}]},{"@type":"WebSite","@id":"https:\/\/reluxeharmony.com\/fr\/#website","url":"https:\/\/reluxeharmony.com\/fr\/","name":"Luxe Harmony Real Estate in Dubai","description":"","potentialAction":[{"@type":"SearchAction","target":{"@type":"EntryPoint","urlTemplate":"https:\/\/reluxeharmony.com\/fr\/?s={search_term_string}"},"query-input":{"@type":"PropertyValueSpecification","valueRequired":true,"valueName":"search_term_string"}}],"inLanguage":"fr-FR"}]}},"_links":{"self":[{"href":"https:\/\/reluxeharmony.com\/fr\/wp-json\/wp\/v2\/pages\/55673","targetHints":{"allow":["GET"]}}],"collection":[{"href":"https:\/\/reluxeharmony.com\/fr\/wp-json\/wp\/v2\/pages"}],"about":[{"href":"https:\/\/reluxeharmony.com\/fr\/wp-json\/wp\/v2\/types\/page"}],"author":[{"embeddable":true,"href":"https:\/\/reluxeharmony.com\/fr\/wp-json\/wp\/v2\/users\/2"}],"replies":[{"embeddable":true,"href":"https:\/\/reluxeharmony.com\/fr\/wp-json\/wp\/v2\/comments?post=55673"}],"version-history":[{"count":15,"href":"https:\/\/reluxeharmony.com\/fr\/wp-json\/wp\/v2\/pages\/55673\/revisions"}],"predecessor-version":[{"id":55795,"href":"https:\/\/reluxeharmony.com\/fr\/wp-json\/wp\/v2\/pages\/55673\/revisions\/55795"}],"wp:attachment":[{"href":"https:\/\/reluxeharmony.com\/fr\/wp-json\/wp\/v2\/media?parent=55673"}],"curies":[{"name":"wp","href":"https:\/\/api.w.org\/{rel}","templated":true}]}}