{"id":55010,"date":"2024-02-01T12:00:00","date_gmt":"2024-02-01T12:00:00","guid":{"rendered":"https:\/\/reluxeharmony.com\/new-launch\/"},"modified":"2024-02-01T12:00:00","modified_gmt":"2024-02-01T12:00:00","slug":"new-projets","status":"publish","type":"page","link":"https:\/\/reluxeharmony.com\/fr\/new-projets\/","title":{"rendered":"Nouveaux projets"},"content":{"rendered":"\t\t<div data-elementor-type=\"wp-page\" data-elementor-id=\"55010\" class=\"elementor elementor-55010\" data-elementor-post-type=\"page\">\n\t\t\t\t\t\t<section class=\"elementor-section elementor-top-section elementor-element elementor-element-1659ae4 elementor-section-boxed elementor-section-height-default elementor-section-height-default\" data-id=\"1659ae4\" data-element_type=\"section\" data-settings=\"{&quot;background_background&quot;:&quot;classic&quot;}\">\n\t\t\t\t\t\t\t<div class=\"elementor-background-overlay\"><\/div>\n\t\t\t\t\t\t\t<div class=\"elementor-container elementor-column-gap-default\">\n\t\t\t\t\t<div class=\"elementor-column elementor-col-100 elementor-top-column elementor-element elementor-element-124f79b\" data-id=\"124f79b\" data-element_type=\"column\">\n\t\t\t<div class=\"elementor-widget-wrap elementor-element-populated\">\n\t\t\t\t\t\t<div class=\"elementor-element elementor-element-340db86 elementor-widget elementor-widget-spacer\" data-id=\"340db86\" data-element_type=\"widget\" data-widget_type=\"spacer.default\">\n\t\t\t\t<div class=\"elementor-widget-container\">\n\t\t\t\t\t\t\t<div class=\"elementor-spacer\">\n\t\t\t<div class=\"elementor-spacer-inner\"><\/div>\n\t\t<\/div>\n\t\t\t\t\t\t<\/div>\n\t\t\t\t<\/div>\n\t\t\t\t<section class=\"elementor-section elementor-inner-section elementor-element elementor-element-5c2590f elementor-section-boxed elementor-section-height-default elementor-section-height-default\" data-id=\"5c2590f\" data-element_type=\"section\">\n\t\t\t\t\t\t<div class=\"elementor-container elementor-column-gap-default\">\n\t\t\t\t\t<div class=\"elementor-column elementor-col-50 elementor-inner-column elementor-element elementor-element-1eb5a4e\" data-id=\"1eb5a4e\" data-element_type=\"column\">\n\t\t\t<div class=\"elementor-widget-wrap\">\n\t\t\t\t\t\t\t<\/div>\n\t\t<\/div>\n\t\t\t\t<div class=\"elementor-column elementor-col-50 elementor-inner-column elementor-element elementor-element-57044e2\" data-id=\"57044e2\" data-element_type=\"column\">\n\t\t\t<div class=\"elementor-widget-wrap elementor-element-populated\">\n\t\t\t\t\t\t<div class=\"elementor-element elementor-element-4bfce60 elementor-invisible elementor-widget elementor-widget-heading\" data-id=\"4bfce60\" data-element_type=\"widget\" data-settings=\"{&quot;_animation&quot;:&quot;fadeIn&quot;}\" data-widget_type=\"heading.default\">\n\t\t\t\t<div class=\"elementor-widget-container\">\n\t\t\t\t\t<h2 class=\"elementor-heading-title elementor-size-default\">Nouveaux projets<\/h2>\t\t\t\t<\/div>\n\t\t\t\t<\/div>\n\t\t\t\t<div class=\"elementor-element elementor-element-c68b19b elementor-widget elementor-widget-spacer\" data-id=\"c68b19b\" data-element_type=\"widget\" data-widget_type=\"spacer.default\">\n\t\t\t\t<div class=\"elementor-widget-container\">\n\t\t\t\t\t\t\t<div class=\"elementor-spacer\">\n\t\t\t<div class=\"elementor-spacer-inner\"><\/div>\n\t\t<\/div>\n\t\t\t\t\t\t<\/div>\n\t\t\t\t<\/div>\n\t\t\t\t\t<\/div>\n\t\t<\/div>\n\t\t\t\t\t<\/div>\n\t\t<\/section>\n\t\t\t\t<div class=\"elementor-element elementor-element-367dc37 elementor-widget elementor-widget-spacer\" data-id=\"367dc37\" data-element_type=\"widget\" data-widget_type=\"spacer.default\">\n\t\t\t\t<div class=\"elementor-widget-container\">\n\t\t\t\t\t\t\t<div class=\"elementor-spacer\">\n\t\t\t<div class=\"elementor-spacer-inner\"><\/div>\n\t\t<\/div>\n\t\t\t\t\t\t<\/div>\n\t\t\t\t<\/div>\n\t\t\t\t\t<\/div>\n\t\t<\/div>\n\t\t\t\t\t<\/div>\n\t\t<\/section>\n\t\t\t\t<section class=\"elementor-section elementor-top-section elementor-element elementor-element-97415ae elementor-section-height-min-height elementor-section-items-stretch elementor-section-boxed elementor-section-height-default elementor-invisible\" data-id=\"97415ae\" data-element_type=\"section\" data-settings=\"{&quot;animation&quot;:&quot;fadeIn&quot;,&quot;background_background&quot;:&quot;classic&quot;}\">\n\t\t\t\t\t\t\t<div class=\"elementor-background-overlay\"><\/div>\n\t\t\t\t\t\t\t<div class=\"elementor-container elementor-column-gap-default\">\n\t\t\t\t\t<div class=\"elementor-column elementor-col-100 elementor-top-column elementor-element elementor-element-515515c\" data-id=\"515515c\" data-element_type=\"column\" data-settings=\"{&quot;background_background&quot;:&quot;classic&quot;}\">\n\t\t\t<div class=\"elementor-widget-wrap elementor-element-populated\">\n\t\t\t\t\t\t<div class=\"elementor-element elementor-element-0ef88d9 elementor-invisible elementor-widget elementor-widget-heading\" data-id=\"0ef88d9\" data-element_type=\"widget\" data-settings=\"{&quot;_animation&quot;:&quot;fadeIn&quot;}\" data-widget_type=\"heading.default\">\n\t\t\t\t<div class=\"elementor-widget-container\">\n\t\t\t\t\t<div class=\"elementor-heading-title elementor-size-default\">Nouvelles propri\u00e9t\u00e9s<\/div>\t\t\t\t<\/div>\n\t\t\t\t<\/div>\n\t\t\t\t<div class=\"elementor-element elementor-element-05b9c8b elementor-widget elementor-widget-heading\" data-id=\"05b9c8b\" data-element_type=\"widget\" data-widget_type=\"heading.default\">\n\t\t\t\t<div class=\"elementor-widget-container\">\n\t\t\t\t\t<h2 class=\"elementor-heading-title elementor-size-default\">La meilleure s\u00e9lection de nos propri\u00e9t\u00e9s<\/h2>\t\t\t\t<\/div>\n\t\t\t\t<\/div>\n\t\t\t\t<section class=\"elementor-section elementor-inner-section elementor-element elementor-element-0cc9c60 elementor-section-boxed elementor-section-height-default elementor-section-height-default\" data-id=\"0cc9c60\" data-element_type=\"section\" data-settings=\"{&quot;background_background&quot;:&quot;classic&quot;}\">\n\t\t\t\t\t\t<div class=\"elementor-container elementor-column-gap-no\">\n\t\t\t\t\t<div class=\"elementor-column elementor-col-100 elementor-inner-column elementor-element elementor-element-b4b70b7\" data-id=\"b4b70b7\" data-element_type=\"column\">\n\t\t\t<div class=\"elementor-widget-wrap elementor-element-populated\">\n\t\t\t\t\t\t<div class=\"elementor-element elementor-element-9ba3ae4 elementor-widget elementor-widget-houzez_elementor_property-card-v2\" data-id=\"9ba3ae4\" data-element_type=\"widget\" data-widget_type=\"houzez_elementor_property-card-v2.default\">\n\t\t\t\t<div class=\"elementor-widget-container\">\n\t\t\t\t\t\t\t\n\t\t<div id=\"properties_module_section\" class=\"property-cards-module property-cards-module-v2 property-cards-module-3-cols\">\n\t\t\t<div id=\"module_properties\" class=\"listing-view grid-view card-deck grid-view-3-cols\">\n\t\t\t\t<div class=\"item-listing-wrap hz-item-gallery-js card\" data-hz-id=\"hz-57346\" data-images=\"[&quot;https:\\\/\\\/reluxeharmony.com\\\/wp-content\\\/uploads\\\/2025\\\/05\\\/District-Naya-Residences-Phase-2-By-Nakheel-1-592x444.webp&quot;,&quot;https:\\\/\\\/reluxeharmony.com\\\/wp-content\\\/uploads\\\/2025\\\/05\\\/District-Naya-Residences-Phase-2-By-Nakheel-1-592x444.webp&quot;]\">\n\t<div class=\"item-wrap item-wrap-v2 item-wrap-no-frame h-100\">\n\t\t<div class=\"d-flex align-items-center h-100\">\n\t\t\t<div class=\"item-header\">\n\t\t\t\t\t\t\t\t<div class=\"labels-wrap labels-right\"> \n\n\t<a href=\"https:\/\/reluxeharmony.com\/fr\/property_status\/10m-aed-fr-2\/\" class=\"label-status label status-color-718\">\n\t\t\t\t\t&lt; 10M AED\n\t\t\t\t<\/a><a href=\"https:\/\/reluxeharmony.com\/fr\/property_status\/2m-aed\/\" class=\"label-status label status-color-703\">\n\t\t\t\t\t&lt; 2M AED\n\t\t\t\t<\/a><a href=\"https:\/\/reluxeharmony.com\/fr\/property_status\/4m-aed-fr-2\/\" class=\"label-status label status-color-696\">\n\t\t\t\t\t&lt; 4M AED\n\t\t\t\t<\/a><a href=\"https:\/\/reluxeharmony.com\/fr\/property_status\/6m-aed\/\" class=\"label-status label status-color-692\">\n\t\t\t\t\t&lt; 6M AED\n\t\t\t\t<\/a><a href=\"https:\/\/reluxeharmony.com\/fr\/property_status\/8m-aed\/\" class=\"label-status label status-color-716\">\n\t\t\t\t\t&lt; 8M AED\n\t\t\t\t<\/a><a href=\"https:\/\/reluxeharmony.com\/fr\/property_label\/nakheel-fr\/\" class=\"hz-label label label-color-704\">\n\t\t\t\t\tNakheel\n\t\t\t\t<\/a>       \n\n<\/div>\n\t\t\t\t<ul class=\"item-price-wrap hide-on-list\">\n\t<li class=\"item-price\"><span class=\"price-prefix\">A partir de <\/span> AED 1,800,000<\/li><li class=\"item-sub-price\">AED 0\/1,800,000<\/li><\/ul>\t\t\t\t<ul class=\"item-tools\">\n\n        <li class=\"item-tool item-preview\">\n        <span class=\"hz-show-lightbox-js\" data-listid=\"57346\" data-toggle=\"tooltip\" data-placement=\"top\" title=\"Preview\">\n                <i class=\"houzez-icon icon-expand-3\"><\/i>   \n        <\/span><!-- item-tool-favorite -->\n    <\/li><!-- item-tool -->\n        \n        <li class=\"item-tool item-favorite\">\n        <span class=\"add-favorite-js item-tool-favorite\" data-toggle=\"tooltip\" data-placement=\"top\" title=\"Favourite\" data-listid=\"57346\">\n            <i class=\"houzez-icon icon-love-it \"><\/i> \n        <\/span><!-- item-tool-favorite -->\n    <\/li><!-- item-tool -->\n    \n        <li class=\"item-tool item-compare\">\n        <span class=\"houzez_compare compare-57346 item-tool-compare show-compare-panel\" data-toggle=\"tooltip\" data-placement=\"top\" title=\"Add to Compare\" data-listing_id=\"57346\" data-listing_image=\"https:\/\/reluxeharmony.com\/wp-content\/uploads\/2025\/05\/District-Naya-Residences-Phase-2-By-Nakheel-1-592x444.webp\">\n            <i class=\"houzez-icon icon-add-circle\"><\/i>\n        <\/span><!-- item-tool-compare -->\n    <\/li><!-- item-tool -->\n    <\/ul><!-- item-tools -->\n\t\t\t\t<div class=\"listing-image-wrap\">\n\t<div class=\"listing-thumb\">\n\t\t<a href=\"https:\/\/reluxeharmony.com\/fr\/property\/district-naya-residences-phase-2-mbr-city-dubai-2\/\" class=\"listing-featured-thumb hover-effect\">\n\t\t\t<img fetchpriority=\"high\" decoding=\"async\" width=\"592\" height=\"444\" src=\"https:\/\/reluxeharmony.com\/wp-content\/uploads\/2025\/05\/District-Naya-Residences-Phase-2-By-Nakheel-1-592x444.webp\" class=\"img-fluid wp-post-image\" alt=\"\" srcset=\"https:\/\/reluxeharmony.com\/wp-content\/uploads\/2025\/05\/District-Naya-Residences-Phase-2-By-Nakheel-1-592x444.webp 592w, https:\/\/reluxeharmony.com\/wp-content\/uploads\/2025\/05\/District-Naya-Residences-Phase-2-By-Nakheel-1-584x438.webp 584w, https:\/\/reluxeharmony.com\/wp-content\/uploads\/2025\/05\/District-Naya-Residences-Phase-2-By-Nakheel-1-120x90.webp 120w\" sizes=\"(max-width: 592px) 100vw, 592px\" \/>\t\t<\/a><!-- hover-effect -->\n\t<\/div>\n<\/div>\n\t\t\t\t<div class=\"preview_loader\"><\/div>\n\t\t\t<\/div><!-- item-header -->\t\n\t\t\t<div class=\"item-body flex-grow-1\">\n\t\t\t\t<div class=\"labels-wrap labels-right\"> \n\n\t<a href=\"https:\/\/reluxeharmony.com\/fr\/property_status\/10m-aed-fr-2\/\" class=\"label-status label status-color-718\">\n\t\t\t\t\t&lt; 10M AED\n\t\t\t\t<\/a><a href=\"https:\/\/reluxeharmony.com\/fr\/property_status\/2m-aed\/\" class=\"label-status label status-color-703\">\n\t\t\t\t\t&lt; 2M AED\n\t\t\t\t<\/a><a href=\"https:\/\/reluxeharmony.com\/fr\/property_status\/4m-aed-fr-2\/\" class=\"label-status label status-color-696\">\n\t\t\t\t\t&lt; 4M AED\n\t\t\t\t<\/a><a href=\"https:\/\/reluxeharmony.com\/fr\/property_status\/6m-aed\/\" class=\"label-status label status-color-692\">\n\t\t\t\t\t&lt; 6M AED\n\t\t\t\t<\/a><a href=\"https:\/\/reluxeharmony.com\/fr\/property_status\/8m-aed\/\" class=\"label-status label status-color-716\">\n\t\t\t\t\t&lt; 8M AED\n\t\t\t\t<\/a><a href=\"https:\/\/reluxeharmony.com\/fr\/property_label\/nakheel-fr\/\" class=\"hz-label label label-color-704\">\n\t\t\t\t\tNakheel\n\t\t\t\t<\/a>       \n\n<\/div>\n\t\t\t\t<h2 class=\"item-title\">\n\t<a href=\"https:\/\/reluxeharmony.com\/fr\/property\/district-naya-residences-phase-2-mbr-city-dubai-2\/\">District Naya Residences Phase 2, MBR City, Duba\u00ef<\/a>\n<\/h2><!-- item-title -->\t\t\t\t<ul class=\"item-price-wrap hide-on-list\">\n\t<li class=\"item-price\"><span class=\"price-prefix\">A partir de <\/span> AED 1,800,000<\/li><li class=\"item-sub-price\">AED 0\/1,800,000<\/li><\/ul>\t\t\t\t<address class=\"item-address\">Duba\u00ef<\/address>\t\t\t\t<ul class=\"item-amenities item-amenities-with-icons\">\n\t<li class=\"h-beds\"><span class=\"hz-figure\">1 <i class=\"houzez-icon icon-hotel-double-bed-1 ml-1\"><\/i><\/span> Chambre<\/li><li class=\"h-area\"><span class=\"hz-figure\">70.69 <i class=\"houzez-icon icon-ruler-triangle mr-1\"><\/i><\/span><div class=\"area_postfix\">m\u00b2<\/div><\/li><\/ul>\t\t\t\t<div class=\"item-author\">\n\t<i class=\"houzez-icon icon-single-neutral mr-1\"><\/i>\n\t<a href=\"https:\/\/reluxeharmony.com\/fr\/author\/luxeharmony\/\">Luxeharmony<\/a> <\/div><!-- item-author -->\n\t\t\t\t\t\t\t<\/div><!-- item-body -->\n\n\t\t\t\t\t\t<div class=\"item-footer clearfix\">\n\t\t\t\t<div class=\"item-author\">\n\t<i class=\"houzez-icon icon-single-neutral mr-1\"><\/i>\n\t<a href=\"https:\/\/reluxeharmony.com\/fr\/author\/luxeharmony\/\">Luxeharmony<\/a> <\/div><!-- item-author -->\n\t\t\t\t\t\t\t<\/div>\n\t\t\t\t\t<\/div><!-- d-flex -->\n\t\t\n\t<\/div><!-- item-wrap -->\n<\/div><!-- item-listing-wrap -->\n\t\t\t<\/div><!-- listing-view -->\n\n\t\t\t\t\t<\/div><!-- property-grid-module -->\n\n\t\t\t\t\t\t<\/div>\n\t\t\t\t<\/div>\n\t\t\t\t\t<\/div>\n\t\t<\/div>\n\t\t\t\t\t<\/div>\n\t\t<\/section>\n\t\t\t\t\t<\/div>\n\t\t<\/div>\n\t\t\t\t\t<\/div>\n\t\t<\/section>\n\t\t\t\t<\/div>\n\t\t","protected":false},"excerpt":{"rendered":"<p>Nouvelles propri\u00e9t\u00e9s La meilleure s\u00e9lection de nos propri\u00e9t\u00e9s &gt; 10M AED &lt; 20M AED Nakheel OFF PLAN Start from AED 19,258,800 AED 0 &gt; 10M AED &lt; 20M AED Nakheel OFF PLAN KLEINDIENST &#8211; The Heart of Europe Start from AED 19,258,800 AED 0 5 Bedrooms 7,883 Sq Ft Luxeharmony Luxeharmony &gt; 10M AED &lt; [&hellip;]<\/p>\n","protected":false},"author":4,"featured_media":0,"parent":0,"menu_order":0,"comment_status":"closed","ping_status":"closed","template":"elementor_header_footer","meta":{"footnotes":""},"class_list":["post-55010","page","type-page","status-publish","hentry"],"yoast_head":"<!-- This site is optimized with the Yoast SEO plugin v26.8 - https:\/\/yoast.com\/product\/yoast-seo-wordpress\/ -->\n<title>Nouveaux projets - Luxe Harmony Real Estate in Dubai<\/title>\n<meta name=\"robots\" content=\"index, follow, max-snippet:-1, max-image-preview:large, max-video-preview:-1\" \/>\n<link rel=\"canonical\" href=\"https:\/\/reluxeharmony.com\/fr\/new-projets\/\" \/>\n<meta property=\"og:locale\" content=\"fr_FR\" \/>\n<meta property=\"og:type\" content=\"article\" \/>\n<meta property=\"og:title\" content=\"Nouveaux projets - Luxe Harmony Real Estate in Dubai\" \/>\n<meta property=\"og:description\" content=\"Nouvelles propri\u00e9t\u00e9s La meilleure s\u00e9lection de nos propri\u00e9t\u00e9s &gt; 10M AED &lt; 20M AED Nakheel OFF PLAN Start from AED 19,258,800 AED 0 &gt; 10M AED &lt; 20M AED Nakheel OFF PLAN KLEINDIENST &#8211; The Heart of Europe Start from AED 19,258,800 AED 0 5 Bedrooms 7,883 Sq Ft Luxeharmony Luxeharmony &gt; 10M AED &lt; [&hellip;]\" \/>\n<meta property=\"og:url\" content=\"https:\/\/reluxeharmony.com\/fr\/new-projets\/\" \/>\n<meta property=\"og:site_name\" content=\"Luxe Harmony Real Estate in Dubai\" \/>\n<meta property=\"og:image\" content=\"https:\/\/reluxeharmony.com\/wp-content\/uploads\/2024\/09\/KLEINDIENST-1-592x444.jpg\" \/>\n<meta name=\"twitter:card\" content=\"summary_large_image\" \/>\n<script type=\"application\/ld+json\" class=\"yoast-schema-graph\">{\"@context\":\"https:\/\/schema.org\",\"@graph\":[{\"@type\":\"WebPage\",\"@id\":\"https:\/\/reluxeharmony.com\/fr\/new-projets\/\",\"url\":\"https:\/\/reluxeharmony.com\/fr\/new-projets\/\",\"name\":\"Nouveaux projets - Luxe Harmony Real Estate in Dubai\",\"isPartOf\":{\"@id\":\"https:\/\/reluxeharmony.com\/fr\/#website\"},\"primaryImageOfPage\":{\"@id\":\"https:\/\/reluxeharmony.com\/fr\/new-projets\/#primaryimage\"},\"image\":{\"@id\":\"https:\/\/reluxeharmony.com\/fr\/new-projets\/#primaryimage\"},\"thumbnailUrl\":\"https:\/\/reluxeharmony.com\/wp-content\/uploads\/2024\/09\/KLEINDIENST-1-592x444.jpg\",\"datePublished\":\"2024-02-01T12:00:00+00:00\",\"breadcrumb\":{\"@id\":\"https:\/\/reluxeharmony.com\/fr\/new-projets\/#breadcrumb\"},\"inLanguage\":\"fr-FR\",\"potentialAction\":[{\"@type\":\"ReadAction\",\"target\":[\"https:\/\/reluxeharmony.com\/fr\/new-projets\/\"]}]},{\"@type\":\"ImageObject\",\"inLanguage\":\"fr-FR\",\"@id\":\"https:\/\/reluxeharmony.com\/fr\/new-projets\/#primaryimage\",\"url\":\"https:\/\/reluxeharmony.com\/wp-content\/uploads\/2024\/09\/KLEINDIENST-1-592x444.jpg\",\"contentUrl\":\"https:\/\/reluxeharmony.com\/wp-content\/uploads\/2024\/09\/KLEINDIENST-1-592x444.jpg\"},{\"@type\":\"BreadcrumbList\",\"@id\":\"https:\/\/reluxeharmony.com\/fr\/new-projets\/#breadcrumb\",\"itemListElement\":[{\"@type\":\"ListItem\",\"position\":1,\"name\":\"Home\",\"item\":\"https:\/\/reluxeharmony.com\/fr\/\"},{\"@type\":\"ListItem\",\"position\":2,\"name\":\"Nouveaux projets\"}]},{\"@type\":\"WebSite\",\"@id\":\"https:\/\/reluxeharmony.com\/fr\/#website\",\"url\":\"https:\/\/reluxeharmony.com\/fr\/\",\"name\":\"Luxe Harmony Real Estate in Dubai\",\"description\":\"\",\"potentialAction\":[{\"@type\":\"SearchAction\",\"target\":{\"@type\":\"EntryPoint\",\"urlTemplate\":\"https:\/\/reluxeharmony.com\/fr\/?s={search_term_string}\"},\"query-input\":{\"@type\":\"PropertyValueSpecification\",\"valueRequired\":true,\"valueName\":\"search_term_string\"}}],\"inLanguage\":\"fr-FR\"}]}<\/script>\n<!-- \/ Yoast SEO plugin. -->","yoast_head_json":{"title":"Nouveaux projets - Luxe Harmony Real Estate in Dubai","robots":{"index":"index","follow":"follow","max-snippet":"max-snippet:-1","max-image-preview":"max-image-preview:large","max-video-preview":"max-video-preview:-1"},"canonical":"https:\/\/reluxeharmony.com\/fr\/new-projets\/","og_locale":"fr_FR","og_type":"article","og_title":"Nouveaux projets - Luxe Harmony Real Estate in Dubai","og_description":"Nouvelles propri\u00e9t\u00e9s La meilleure s\u00e9lection de nos propri\u00e9t\u00e9s &gt; 10M AED &lt; 20M AED Nakheel OFF PLAN Start from AED 19,258,800 AED 0 &gt; 10M AED &lt; 20M AED Nakheel OFF PLAN KLEINDIENST &#8211; The Heart of Europe Start from AED 19,258,800 AED 0 5 Bedrooms 7,883 Sq Ft Luxeharmony Luxeharmony &gt; 10M AED &lt; [&hellip;]","og_url":"https:\/\/reluxeharmony.com\/fr\/new-projets\/","og_site_name":"Luxe Harmony Real Estate in Dubai","og_image":[{"url":"https:\/\/reluxeharmony.com\/wp-content\/uploads\/2024\/09\/KLEINDIENST-1-592x444.jpg","type":"","width":"","height":""}],"twitter_card":"summary_large_image","schema":{"@context":"https:\/\/schema.org","@graph":[{"@type":"WebPage","@id":"https:\/\/reluxeharmony.com\/fr\/new-projets\/","url":"https:\/\/reluxeharmony.com\/fr\/new-projets\/","name":"Nouveaux projets - Luxe Harmony Real Estate in Dubai","isPartOf":{"@id":"https:\/\/reluxeharmony.com\/fr\/#website"},"primaryImageOfPage":{"@id":"https:\/\/reluxeharmony.com\/fr\/new-projets\/#primaryimage"},"image":{"@id":"https:\/\/reluxeharmony.com\/fr\/new-projets\/#primaryimage"},"thumbnailUrl":"https:\/\/reluxeharmony.com\/wp-content\/uploads\/2024\/09\/KLEINDIENST-1-592x444.jpg","datePublished":"2024-02-01T12:00:00+00:00","breadcrumb":{"@id":"https:\/\/reluxeharmony.com\/fr\/new-projets\/#breadcrumb"},"inLanguage":"fr-FR","potentialAction":[{"@type":"ReadAction","target":["https:\/\/reluxeharmony.com\/fr\/new-projets\/"]}]},{"@type":"ImageObject","inLanguage":"fr-FR","@id":"https:\/\/reluxeharmony.com\/fr\/new-projets\/#primaryimage","url":"https:\/\/reluxeharmony.com\/wp-content\/uploads\/2024\/09\/KLEINDIENST-1-592x444.jpg","contentUrl":"https:\/\/reluxeharmony.com\/wp-content\/uploads\/2024\/09\/KLEINDIENST-1-592x444.jpg"},{"@type":"BreadcrumbList","@id":"https:\/\/reluxeharmony.com\/fr\/new-projets\/#breadcrumb","itemListElement":[{"@type":"ListItem","position":1,"name":"Home","item":"https:\/\/reluxeharmony.com\/fr\/"},{"@type":"ListItem","position":2,"name":"Nouveaux projets"}]},{"@type":"WebSite","@id":"https:\/\/reluxeharmony.com\/fr\/#website","url":"https:\/\/reluxeharmony.com\/fr\/","name":"Luxe Harmony Real Estate in Dubai","description":"","potentialAction":[{"@type":"SearchAction","target":{"@type":"EntryPoint","urlTemplate":"https:\/\/reluxeharmony.com\/fr\/?s={search_term_string}"},"query-input":{"@type":"PropertyValueSpecification","valueRequired":true,"valueName":"search_term_string"}}],"inLanguage":"fr-FR"}]}},"_links":{"self":[{"href":"https:\/\/reluxeharmony.com\/fr\/wp-json\/wp\/v2\/pages\/55010","targetHints":{"allow":["GET"]}}],"collection":[{"href":"https:\/\/reluxeharmony.com\/fr\/wp-json\/wp\/v2\/pages"}],"about":[{"href":"https:\/\/reluxeharmony.com\/fr\/wp-json\/wp\/v2\/types\/page"}],"author":[{"embeddable":true,"href":"https:\/\/reluxeharmony.com\/fr\/wp-json\/wp\/v2\/users\/4"}],"replies":[{"embeddable":true,"href":"https:\/\/reluxeharmony.com\/fr\/wp-json\/wp\/v2\/comments?post=55010"}],"version-history":[{"count":5,"href":"https:\/\/reluxeharmony.com\/fr\/wp-json\/wp\/v2\/pages\/55010\/revisions"}],"predecessor-version":[{"id":55139,"href":"https:\/\/reluxeharmony.com\/fr\/wp-json\/wp\/v2\/pages\/55010\/revisions\/55139"}],"wp:attachment":[{"href":"https:\/\/reluxeharmony.com\/fr\/wp-json\/wp\/v2\/media?parent=55010"}],"curies":[{"name":"wp","href":"https:\/\/api.w.org\/{rel}","templated":true}]}}