{"id":54062,"date":"2024-02-01T12:00:00","date_gmt":"2024-02-01T12:00:00","guid":{"rendered":"https:\/\/reluxeharmony.com\/quest-ce-quun-bien-sur-plan\/"},"modified":"2024-02-01T12:00:00","modified_gmt":"2024-02-01T12:00:00","slug":"quest-ce-quun-bien-sur-plan","status":"publish","type":"page","link":"https:\/\/reluxeharmony.com\/fr\/quest-ce-quun-bien-sur-plan\/","title":{"rendered":"Qu&#8217;est-ce qu&#8217;un &#8220;bien sur plan&#8221; ?"},"content":{"rendered":"\t\t<div data-elementor-type=\"wp-page\" data-elementor-id=\"54062\" class=\"elementor elementor-54062 elementor-51433\" data-elementor-post-type=\"page\">\n\t\t\t\t\t\t<section class=\"elementor-section elementor-top-section elementor-element elementor-element-d4564aa elementor-section-boxed elementor-section-height-default elementor-section-height-default\" data-id=\"d4564aa\" data-element_type=\"section\" data-settings=\"{&quot;background_background&quot;:&quot;classic&quot;}\">\n\t\t\t\t\t\t\t<div class=\"elementor-background-overlay\"><\/div>\n\t\t\t\t\t\t\t<div class=\"elementor-container elementor-column-gap-default\">\n\t\t\t\t\t<div class=\"elementor-column elementor-col-100 elementor-top-column elementor-element elementor-element-fd8a776\" data-id=\"fd8a776\" data-element_type=\"column\">\n\t\t\t<div class=\"elementor-widget-wrap elementor-element-populated\">\n\t\t\t\t\t\t<section class=\"elementor-section elementor-inner-section elementor-element elementor-element-cde3146 elementor-section-boxed elementor-section-height-default elementor-section-height-default\" data-id=\"cde3146\" data-element_type=\"section\">\n\t\t\t\t\t\t<div class=\"elementor-container elementor-column-gap-default\">\n\t\t\t\t\t<div class=\"elementor-column elementor-col-50 elementor-inner-column elementor-element elementor-element-7ee732f\" data-id=\"7ee732f\" data-element_type=\"column\">\n\t\t\t<div class=\"elementor-widget-wrap\">\n\t\t\t\t\t\t\t<\/div>\n\t\t<\/div>\n\t\t\t\t<div class=\"elementor-column elementor-col-50 elementor-inner-column elementor-element elementor-element-81d28b3\" data-id=\"81d28b3\" data-element_type=\"column\">\n\t\t\t<div class=\"elementor-widget-wrap elementor-element-populated\">\n\t\t\t\t\t\t<div class=\"elementor-element elementor-element-5b5926d elementor-widget elementor-widget-spacer\" data-id=\"5b5926d\" data-element_type=\"widget\" data-widget_type=\"spacer.default\">\n\t\t\t\t<div class=\"elementor-widget-container\">\n\t\t\t\t\t\t\t<div class=\"elementor-spacer\">\n\t\t\t<div class=\"elementor-spacer-inner\"><\/div>\n\t\t<\/div>\n\t\t\t\t\t\t<\/div>\n\t\t\t\t<\/div>\n\t\t\t\t<div class=\"elementor-element elementor-element-d14ea23 elementor-invisible elementor-widget elementor-widget-heading\" data-id=\"d14ea23\" data-element_type=\"widget\" data-settings=\"{&quot;_animation&quot;:&quot;fadeIn&quot;}\" data-widget_type=\"heading.default\">\n\t\t\t\t<div class=\"elementor-widget-container\">\n\t\t\t\t\t<h2 class=\"elementor-heading-title elementor-size-default\">Qu'est-ce qu'un \"bien sur plan\" ?<\/h2>\t\t\t\t<\/div>\n\t\t\t\t<\/div>\n\t\t\t\t<div class=\"elementor-element elementor-element-9f31f6b elementor-widget elementor-widget-spacer\" data-id=\"9f31f6b\" data-element_type=\"widget\" data-widget_type=\"spacer.default\">\n\t\t\t\t<div class=\"elementor-widget-container\">\n\t\t\t\t\t\t\t<div class=\"elementor-spacer\">\n\t\t\t<div class=\"elementor-spacer-inner\"><\/div>\n\t\t<\/div>\n\t\t\t\t\t\t<\/div>\n\t\t\t\t<\/div>\n\t\t\t\t\t<\/div>\n\t\t<\/div>\n\t\t\t\t\t<\/div>\n\t\t<\/section>\n\t\t\t\t\t<\/div>\n\t\t<\/div>\n\t\t\t\t\t<\/div>\n\t\t<\/section>\n\t\t\t\t<section class=\"elementor-section elementor-top-section elementor-element elementor-element-1013ca3 elementor-section-boxed elementor-section-height-default elementor-section-height-default elementor-invisible\" data-id=\"1013ca3\" data-element_type=\"section\" data-settings=\"{&quot;animation&quot;:&quot;fadeIn&quot;}\">\n\t\t\t\t\t\t<div class=\"elementor-container elementor-column-gap-default\">\n\t\t\t\t\t<div class=\"elementor-column elementor-col-50 elementor-top-column elementor-element elementor-element-a08380a\" data-id=\"a08380a\" data-element_type=\"column\">\n\t\t\t<div class=\"elementor-widget-wrap elementor-element-populated\">\n\t\t\t\t\t\t<div class=\"elementor-element elementor-element-7a658bc elementor-widget elementor-widget-text-editor\" data-id=\"7a658bc\" data-element_type=\"widget\" data-widget_type=\"text-editor.default\">\n\t\t\t\t<div class=\"elementor-widget-container\">\n\t\t\t\t\t\t\t\t\t<p>Un bien immobilier sur plan est un bien immobilier disponible \u00e0 l&#8217;achat avant que sa construction ne soit achev\u00e9e.<\/p><p>En d&#8217;autres termes, lorsque vous achetez un bien sur plan, vous acqu\u00e9rez un bien qui n&#8217;a pas encore \u00e9t\u00e9 construit ou qui en est encore aux premiers stades de la construction. Essentiellement, les investisseurs ou les acheteurs finaux s&#8217;engagent \u00e0 acheter un bien immobilier sur la base des plans architecturaux, des perspectives de conception, des sp\u00e9cifications du projet ou d&#8217;autres repr\u00e9sentations fournies par le promoteur.<\/p><p>Cette approche permet aux acheteurs d&#8217;acqu\u00e9rir un bien immobilier \u00e0 un prix potentiellement inf\u00e9rieur et \u00e0 un stade pr\u00e9coce de d\u00e9veloppement, en esp\u00e9rant que sa valeur augmentera \u00e0 l&#8217;ach\u00e8vement du projet ou m\u00eame avant. L&#8217;autre avantage est que le paiement est \u00e9tal\u00e9 sur plusieurs mois ou ann\u00e9es, sans int\u00e9r\u00eat, jusqu&#8217;\u00e0 l&#8217;ach\u00e8vement du projet ou la remise du logement. Ils peuvent \u00e9galement avoir la possibilit\u00e9 de personnaliser certaines fonctionnalit\u00e9s en fonction des offres du d\u00e9veloppeur.<\/p>\t\t\t\t\t\t\t\t<\/div>\n\t\t\t\t<\/div>\n\t\t\t\t\t<\/div>\n\t\t<\/div>\n\t\t\t\t<div class=\"elementor-column elementor-col-50 elementor-top-column elementor-element elementor-element-7da6cdd\" data-id=\"7da6cdd\" data-element_type=\"column\">\n\t\t\t<div class=\"elementor-widget-wrap elementor-element-populated\">\n\t\t\t\t\t\t<div class=\"elementor-element elementor-element-77423b5 elementor-widget elementor-widget-image\" data-id=\"77423b5\" data-element_type=\"widget\" data-widget_type=\"image.default\">\n\t\t\t\t<div class=\"elementor-widget-container\">\n\t\t\t\t\t\t\t\t\t\t\t\t\t\t\t<img fetchpriority=\"high\" decoding=\"async\" width=\"1024\" height=\"1024\" src=\"https:\/\/reluxeharmony.com\/wp-content\/uploads\/2023\/12\/WhatsApp-Image-2023-12-17-at-3.21.31-PM-1024x1024.jpeg\" class=\"attachment-large size-large wp-image-54003\" alt=\"\" srcset=\"https:\/\/reluxeharmony.com\/wp-content\/uploads\/2023\/12\/WhatsApp-Image-2023-12-17-at-3.21.31-PM-1024x1024.jpeg 1024w, https:\/\/reluxeharmony.com\/wp-content\/uploads\/2023\/12\/WhatsApp-Image-2023-12-17-at-3.21.31-PM-300x300.jpeg 300w, https:\/\/reluxeharmony.com\/wp-content\/uploads\/2023\/12\/WhatsApp-Image-2023-12-17-at-3.21.31-PM-150x150.jpeg 150w, https:\/\/reluxeharmony.com\/wp-content\/uploads\/2023\/12\/WhatsApp-Image-2023-12-17-at-3.21.31-PM-768x768.jpeg 768w, https:\/\/reluxeharmony.com\/wp-content\/uploads\/2023\/12\/WhatsApp-Image-2023-12-17-at-3.21.31-PM-600x600.jpeg 600w, https:\/\/reluxeharmony.com\/wp-content\/uploads\/2023\/12\/WhatsApp-Image-2023-12-17-at-3.21.31-PM-496x496.jpeg 496w, https:\/\/reluxeharmony.com\/wp-content\/uploads\/2023\/12\/WhatsApp-Image-2023-12-17-at-3.21.31-PM.jpeg 1280w\" sizes=\"(max-width: 1024px) 100vw, 1024px\" \/>\t\t\t\t\t\t\t\t\t\t\t\t\t\t\t<\/div>\n\t\t\t\t<\/div>\n\t\t\t\t\t<\/div>\n\t\t<\/div>\n\t\t\t\t\t<\/div>\n\t\t<\/section>\n\t\t\t\t<\/div>\n\t\t","protected":false},"excerpt":{"rendered":"<p>Qu&#8217;est-ce qu&#8217;un &#8220;bien sur plan&#8221; ? Un bien immobilier sur plan est un bien immobilier disponible \u00e0 l&#8217;achat avant que sa construction ne soit achev\u00e9e. En d&#8217;autres termes, lorsque vous achetez un bien sur plan, vous acqu\u00e9rez un bien qui n&#8217;a pas encore \u00e9t\u00e9 construit ou qui en est encore aux premiers stades de la [&hellip;]<\/p>\n","protected":false},"author":2,"featured_media":0,"parent":0,"menu_order":0,"comment_status":"closed","ping_status":"closed","template":"template\/template-homepage.php","meta":{"footnotes":""},"class_list":["post-54062","page","type-page","status-publish","hentry"],"yoast_head":"<!-- This site is optimized with the Yoast SEO plugin v26.8 - https:\/\/yoast.com\/product\/yoast-seo-wordpress\/ -->\n<title>Qu&#039;est-ce qu&#039;un &quot;bien sur plan&quot; ? - Luxe Harmony Real Estate in Dubai<\/title>\n<meta name=\"robots\" content=\"index, follow, max-snippet:-1, max-image-preview:large, max-video-preview:-1\" \/>\n<link rel=\"canonical\" href=\"https:\/\/reluxeharmony.com\/fr\/quest-ce-quun-bien-sur-plan\/\" \/>\n<meta property=\"og:locale\" content=\"fr_FR\" \/>\n<meta property=\"og:type\" content=\"article\" \/>\n<meta property=\"og:title\" content=\"Qu&#039;est-ce qu&#039;un &quot;bien sur plan&quot; ? - Luxe Harmony Real Estate in Dubai\" \/>\n<meta property=\"og:description\" content=\"Qu&#8217;est-ce qu&#8217;un &#8220;bien sur plan&#8221; ? Un bien immobilier sur plan est un bien immobilier disponible \u00e0 l&#8217;achat avant que sa construction ne soit achev\u00e9e. En d&#8217;autres termes, lorsque vous achetez un bien sur plan, vous acqu\u00e9rez un bien qui n&#8217;a pas encore \u00e9t\u00e9 construit ou qui en est encore aux premiers stades de la [&hellip;]\" \/>\n<meta property=\"og:url\" content=\"https:\/\/reluxeharmony.com\/fr\/quest-ce-quun-bien-sur-plan\/\" \/>\n<meta property=\"og:site_name\" content=\"Luxe Harmony Real Estate in Dubai\" \/>\n<meta property=\"og:image\" content=\"https:\/\/reluxeharmony.com\/wp-content\/uploads\/2023\/12\/WhatsApp-Image-2023-12-17-at-3.21.31-PM-1024x1024.jpeg\" \/>\n<meta name=\"twitter:card\" content=\"summary_large_image\" \/>\n<meta name=\"twitter:label1\" content=\"Dur\u00e9e de lecture estim\u00e9e\" \/>\n\t<meta name=\"twitter:data1\" content=\"1 minute\" \/>\n<script type=\"application\/ld+json\" class=\"yoast-schema-graph\">{\"@context\":\"https:\/\/schema.org\",\"@graph\":[{\"@type\":\"WebPage\",\"@id\":\"https:\/\/reluxeharmony.com\/fr\/quest-ce-quun-bien-sur-plan\/\",\"url\":\"https:\/\/reluxeharmony.com\/fr\/quest-ce-quun-bien-sur-plan\/\",\"name\":\"Qu'est-ce qu'un \\\"bien sur plan\\\" ? - Luxe Harmony Real Estate in Dubai\",\"isPartOf\":{\"@id\":\"https:\/\/reluxeharmony.com\/fr\/#website\"},\"primaryImageOfPage\":{\"@id\":\"https:\/\/reluxeharmony.com\/fr\/quest-ce-quun-bien-sur-plan\/#primaryimage\"},\"image\":{\"@id\":\"https:\/\/reluxeharmony.com\/fr\/quest-ce-quun-bien-sur-plan\/#primaryimage\"},\"thumbnailUrl\":\"https:\/\/reluxeharmony.com\/wp-content\/uploads\/2023\/12\/WhatsApp-Image-2023-12-17-at-3.21.31-PM-1024x1024.jpeg\",\"datePublished\":\"2024-02-01T12:00:00+00:00\",\"breadcrumb\":{\"@id\":\"https:\/\/reluxeharmony.com\/fr\/quest-ce-quun-bien-sur-plan\/#breadcrumb\"},\"inLanguage\":\"fr-FR\",\"potentialAction\":[{\"@type\":\"ReadAction\",\"target\":[\"https:\/\/reluxeharmony.com\/fr\/quest-ce-quun-bien-sur-plan\/\"]}]},{\"@type\":\"ImageObject\",\"inLanguage\":\"fr-FR\",\"@id\":\"https:\/\/reluxeharmony.com\/fr\/quest-ce-quun-bien-sur-plan\/#primaryimage\",\"url\":\"https:\/\/reluxeharmony.com\/wp-content\/uploads\/2023\/12\/WhatsApp-Image-2023-12-17-at-3.21.31-PM-1024x1024.jpeg\",\"contentUrl\":\"https:\/\/reluxeharmony.com\/wp-content\/uploads\/2023\/12\/WhatsApp-Image-2023-12-17-at-3.21.31-PM-1024x1024.jpeg\"},{\"@type\":\"BreadcrumbList\",\"@id\":\"https:\/\/reluxeharmony.com\/fr\/quest-ce-quun-bien-sur-plan\/#breadcrumb\",\"itemListElement\":[{\"@type\":\"ListItem\",\"position\":1,\"name\":\"Home\",\"item\":\"https:\/\/reluxeharmony.com\/fr\/\"},{\"@type\":\"ListItem\",\"position\":2,\"name\":\"Qu&#8217;est-ce qu&#8217;un &#8220;bien sur plan&#8221; ?\"}]},{\"@type\":\"WebSite\",\"@id\":\"https:\/\/reluxeharmony.com\/fr\/#website\",\"url\":\"https:\/\/reluxeharmony.com\/fr\/\",\"name\":\"Luxe Harmony Real Estate in Dubai\",\"description\":\"\",\"potentialAction\":[{\"@type\":\"SearchAction\",\"target\":{\"@type\":\"EntryPoint\",\"urlTemplate\":\"https:\/\/reluxeharmony.com\/fr\/?s={search_term_string}\"},\"query-input\":{\"@type\":\"PropertyValueSpecification\",\"valueRequired\":true,\"valueName\":\"search_term_string\"}}],\"inLanguage\":\"fr-FR\"}]}<\/script>\n<!-- \/ Yoast SEO plugin. -->","yoast_head_json":{"title":"Qu'est-ce qu'un \"bien sur plan\" ? - Luxe Harmony Real Estate in Dubai","robots":{"index":"index","follow":"follow","max-snippet":"max-snippet:-1","max-image-preview":"max-image-preview:large","max-video-preview":"max-video-preview:-1"},"canonical":"https:\/\/reluxeharmony.com\/fr\/quest-ce-quun-bien-sur-plan\/","og_locale":"fr_FR","og_type":"article","og_title":"Qu'est-ce qu'un \"bien sur plan\" ? - Luxe Harmony Real Estate in Dubai","og_description":"Qu&#8217;est-ce qu&#8217;un &#8220;bien sur plan&#8221; ? Un bien immobilier sur plan est un bien immobilier disponible \u00e0 l&#8217;achat avant que sa construction ne soit achev\u00e9e. En d&#8217;autres termes, lorsque vous achetez un bien sur plan, vous acqu\u00e9rez un bien qui n&#8217;a pas encore \u00e9t\u00e9 construit ou qui en est encore aux premiers stades de la [&hellip;]","og_url":"https:\/\/reluxeharmony.com\/fr\/quest-ce-quun-bien-sur-plan\/","og_site_name":"Luxe Harmony Real Estate in Dubai","og_image":[{"url":"https:\/\/reluxeharmony.com\/wp-content\/uploads\/2023\/12\/WhatsApp-Image-2023-12-17-at-3.21.31-PM-1024x1024.jpeg","type":"","width":"","height":""}],"twitter_card":"summary_large_image","twitter_misc":{"Dur\u00e9e de lecture estim\u00e9e":"1 minute"},"schema":{"@context":"https:\/\/schema.org","@graph":[{"@type":"WebPage","@id":"https:\/\/reluxeharmony.com\/fr\/quest-ce-quun-bien-sur-plan\/","url":"https:\/\/reluxeharmony.com\/fr\/quest-ce-quun-bien-sur-plan\/","name":"Qu'est-ce qu'un \"bien sur plan\" ? - Luxe Harmony Real Estate in Dubai","isPartOf":{"@id":"https:\/\/reluxeharmony.com\/fr\/#website"},"primaryImageOfPage":{"@id":"https:\/\/reluxeharmony.com\/fr\/quest-ce-quun-bien-sur-plan\/#primaryimage"},"image":{"@id":"https:\/\/reluxeharmony.com\/fr\/quest-ce-quun-bien-sur-plan\/#primaryimage"},"thumbnailUrl":"https:\/\/reluxeharmony.com\/wp-content\/uploads\/2023\/12\/WhatsApp-Image-2023-12-17-at-3.21.31-PM-1024x1024.jpeg","datePublished":"2024-02-01T12:00:00+00:00","breadcrumb":{"@id":"https:\/\/reluxeharmony.com\/fr\/quest-ce-quun-bien-sur-plan\/#breadcrumb"},"inLanguage":"fr-FR","potentialAction":[{"@type":"ReadAction","target":["https:\/\/reluxeharmony.com\/fr\/quest-ce-quun-bien-sur-plan\/"]}]},{"@type":"ImageObject","inLanguage":"fr-FR","@id":"https:\/\/reluxeharmony.com\/fr\/quest-ce-quun-bien-sur-plan\/#primaryimage","url":"https:\/\/reluxeharmony.com\/wp-content\/uploads\/2023\/12\/WhatsApp-Image-2023-12-17-at-3.21.31-PM-1024x1024.jpeg","contentUrl":"https:\/\/reluxeharmony.com\/wp-content\/uploads\/2023\/12\/WhatsApp-Image-2023-12-17-at-3.21.31-PM-1024x1024.jpeg"},{"@type":"BreadcrumbList","@id":"https:\/\/reluxeharmony.com\/fr\/quest-ce-quun-bien-sur-plan\/#breadcrumb","itemListElement":[{"@type":"ListItem","position":1,"name":"Home","item":"https:\/\/reluxeharmony.com\/fr\/"},{"@type":"ListItem","position":2,"name":"Qu&#8217;est-ce qu&#8217;un &#8220;bien sur plan&#8221; ?"}]},{"@type":"WebSite","@id":"https:\/\/reluxeharmony.com\/fr\/#website","url":"https:\/\/reluxeharmony.com\/fr\/","name":"Luxe Harmony Real Estate in Dubai","description":"","potentialAction":[{"@type":"SearchAction","target":{"@type":"EntryPoint","urlTemplate":"https:\/\/reluxeharmony.com\/fr\/?s={search_term_string}"},"query-input":{"@type":"PropertyValueSpecification","valueRequired":true,"valueName":"search_term_string"}}],"inLanguage":"fr-FR"}]}},"_links":{"self":[{"href":"https:\/\/reluxeharmony.com\/fr\/wp-json\/wp\/v2\/pages\/54062","targetHints":{"allow":["GET"]}}],"collection":[{"href":"https:\/\/reluxeharmony.com\/fr\/wp-json\/wp\/v2\/pages"}],"about":[{"href":"https:\/\/reluxeharmony.com\/fr\/wp-json\/wp\/v2\/types\/page"}],"author":[{"embeddable":true,"href":"https:\/\/reluxeharmony.com\/fr\/wp-json\/wp\/v2\/users\/2"}],"replies":[{"embeddable":true,"href":"https:\/\/reluxeharmony.com\/fr\/wp-json\/wp\/v2\/comments?post=54062"}],"version-history":[{"count":8,"href":"https:\/\/reluxeharmony.com\/fr\/wp-json\/wp\/v2\/pages\/54062\/revisions"}],"predecessor-version":[{"id":54731,"href":"https:\/\/reluxeharmony.com\/fr\/wp-json\/wp\/v2\/pages\/54062\/revisions\/54731"}],"wp:attachment":[{"href":"https:\/\/reluxeharmony.com\/fr\/wp-json\/wp\/v2\/media?parent=54062"}],"curies":[{"name":"wp","href":"https:\/\/api.w.org\/{rel}","templated":true}]}}