{"id":53999,"date":"2024-02-01T12:00:00","date_gmt":"2024-02-01T12:00:00","guid":{"rendered":"https:\/\/reluxeharmony.com\/guide-pour-lachat-sur-plan\/"},"modified":"2024-02-01T12:00:00","modified_gmt":"2024-02-01T12:00:00","slug":"guide-pour-lachat-sur-plan","status":"publish","type":"page","link":"https:\/\/reluxeharmony.com\/fr\/guide-pour-lachat-sur-plan\/","title":{"rendered":"Guide pour l&#8217;achat sur plan"},"content":{"rendered":"\t\t<div data-elementor-type=\"wp-page\" data-elementor-id=\"53999\" class=\"elementor elementor-53999 elementor-51443\" data-elementor-post-type=\"page\">\n\t\t\t\t\t\t<section class=\"elementor-section elementor-top-section elementor-element elementor-element-d4564aa elementor-section-boxed elementor-section-height-default elementor-section-height-default\" data-id=\"d4564aa\" data-element_type=\"section\" data-settings=\"{&quot;background_background&quot;:&quot;classic&quot;}\">\n\t\t\t\t\t\t\t<div class=\"elementor-background-overlay\"><\/div>\n\t\t\t\t\t\t\t<div class=\"elementor-container elementor-column-gap-default\">\n\t\t\t\t\t<div class=\"elementor-column elementor-col-100 elementor-top-column elementor-element elementor-element-fd8a776\" data-id=\"fd8a776\" data-element_type=\"column\">\n\t\t\t<div class=\"elementor-widget-wrap elementor-element-populated\">\n\t\t\t\t\t\t<section class=\"elementor-section elementor-inner-section elementor-element elementor-element-cde3146 elementor-section-boxed elementor-section-height-default elementor-section-height-default\" data-id=\"cde3146\" data-element_type=\"section\">\n\t\t\t\t\t\t<div class=\"elementor-container elementor-column-gap-default\">\n\t\t\t\t\t<div class=\"elementor-column elementor-col-50 elementor-inner-column elementor-element elementor-element-7ee732f\" data-id=\"7ee732f\" data-element_type=\"column\">\n\t\t\t<div class=\"elementor-widget-wrap\">\n\t\t\t\t\t\t\t<\/div>\n\t\t<\/div>\n\t\t\t\t<div class=\"elementor-column elementor-col-50 elementor-inner-column elementor-element elementor-element-81d28b3\" data-id=\"81d28b3\" data-element_type=\"column\">\n\t\t\t<div class=\"elementor-widget-wrap elementor-element-populated\">\n\t\t\t\t\t\t<div class=\"elementor-element elementor-element-5b5926d elementor-widget elementor-widget-spacer\" data-id=\"5b5926d\" data-element_type=\"widget\" data-widget_type=\"spacer.default\">\n\t\t\t\t<div class=\"elementor-widget-container\">\n\t\t\t\t\t\t\t<div class=\"elementor-spacer\">\n\t\t\t<div class=\"elementor-spacer-inner\"><\/div>\n\t\t<\/div>\n\t\t\t\t\t\t<\/div>\n\t\t\t\t<\/div>\n\t\t\t\t<div class=\"elementor-element elementor-element-d14ea23 elementor-invisible elementor-widget elementor-widget-heading\" data-id=\"d14ea23\" data-element_type=\"widget\" data-settings=\"{&quot;_animation&quot;:&quot;fadeIn&quot;}\" data-widget_type=\"heading.default\">\n\t\t\t\t<div class=\"elementor-widget-container\">\n\t\t\t\t\t<h2 class=\"elementor-heading-title elementor-size-default\">Guide pour l'achat sur plan<\/h2>\t\t\t\t<\/div>\n\t\t\t\t<\/div>\n\t\t\t\t<div class=\"elementor-element elementor-element-9f31f6b elementor-widget elementor-widget-spacer\" data-id=\"9f31f6b\" data-element_type=\"widget\" data-widget_type=\"spacer.default\">\n\t\t\t\t<div class=\"elementor-widget-container\">\n\t\t\t\t\t\t\t<div class=\"elementor-spacer\">\n\t\t\t<div class=\"elementor-spacer-inner\"><\/div>\n\t\t<\/div>\n\t\t\t\t\t\t<\/div>\n\t\t\t\t<\/div>\n\t\t\t\t\t<\/div>\n\t\t<\/div>\n\t\t\t\t\t<\/div>\n\t\t<\/section>\n\t\t\t\t\t<\/div>\n\t\t<\/div>\n\t\t\t\t\t<\/div>\n\t\t<\/section>\n\t\t\t\t<section class=\"elementor-section elementor-top-section elementor-element elementor-element-1013ca3 elementor-section-boxed elementor-section-height-default elementor-section-height-default elementor-invisible\" data-id=\"1013ca3\" data-element_type=\"section\" data-settings=\"{&quot;animation&quot;:&quot;fadeIn&quot;}\">\n\t\t\t\t\t\t<div class=\"elementor-container elementor-column-gap-default\">\n\t\t\t\t\t<div class=\"elementor-column elementor-col-50 elementor-top-column elementor-element elementor-element-a08380a\" data-id=\"a08380a\" data-element_type=\"column\">\n\t\t\t<div class=\"elementor-widget-wrap elementor-element-populated\">\n\t\t\t\t\t\t<div class=\"elementor-element elementor-element-7a658bc elementor-widget elementor-widget-text-editor\" data-id=\"7a658bc\" data-element_type=\"widget\" data-widget_type=\"text-editor.default\">\n\t\t\t\t<div class=\"elementor-widget-container\">\n\t\t\t\t\t\t\t\t\t<p>Le march\u00e9 immobilier de Duba\u00ef est l&#8217;un de ceux qui connaissent la croissance la plus rapide au monde et il est r\u00e9put\u00e9 pour offrir des perspectives d&#8217;investissement attrayantes. Les acheteurs potentiels disposent d&#8217;une pl\u00e9thore d&#8217;options immobili\u00e8res, allant des propri\u00e9t\u00e9s pr\u00eates \u00e0 l&#8217;emploi \u00e0 celles qui sont encore au stade de la planification. Les propri\u00e9t\u00e9s sur plan ont connu une forte augmentation de la part des propri\u00e9taires et des investisseurs, principalement en raison des plans de paiement pratiques, sans int\u00e9r\u00eat, et du potentiel de rentabilit\u00e9 \u00e0 l&#8217;ach\u00e8vement du projet et m\u00eame avant.<\/p><p><strong>\u00c9tape 1 :<\/strong> Vous devez allouer un budget qui comprendra l&#8217;acompte, qui repr\u00e9sente g\u00e9n\u00e9ralement 10 \u00e0 20 % du prix de vente, les versements \u00e9chelonn\u00e9s et les frais juridiques, comme les 4 % (DLD) pour l&#8217;enregistrement de la propri\u00e9t\u00e9 et autres droits d&#8217;enregistrement (entre 2 100 AED et 4 200 AED).<\/p><p><strong>\u00c9tape 2 : <\/strong>Prenez contact avec un courtier immobilier digne de confiance et agr\u00e9\u00e9 qui vous conseillera et vous accompagnera tout au long du processus, et qui pourra m\u00eame vous aider \u00e0 n\u00e9gocier un meilleur plan de paiement ou une meilleure offre. <strong>Notez que vous ne paierez aucune commission \u00e0 l&#8217;agent. Nos services sont gratuits.<\/strong><\/p><p><strong>\u00c9tape 3 :<\/strong> D\u00e8s que vous avez choisi le projet en construction, vous devez payer les frais de r\u00e9servation (1 % \u00e0 2 %) qui vous permettront de r\u00e9server votre bien par le biais d&#8217;une manifestation d&#8217;int\u00e9r\u00eat, puis le premier acompte (g\u00e9n\u00e9ralement dans un d\u00e9lai de 30 jours ou moins), avant de signer le contrat de vente et d&#8217;achat (Selling and Purchase Agreement &#8211; SPA), o\u00f9 tous les termes et conditions sont convenus. Ce montant sera d\u00e9pos\u00e9 sur un compte s\u00e9questre afin de s\u00e9curiser votre argent. Veuillez noter que le march\u00e9 de Duba\u00ef est tr\u00e8s dynamique.<\/p>\t\t\t\t\t\t\t\t<\/div>\n\t\t\t\t<\/div>\n\t\t\t\t\t<\/div>\n\t\t<\/div>\n\t\t\t\t<div class=\"elementor-column elementor-col-50 elementor-top-column elementor-element elementor-element-7da6cdd\" data-id=\"7da6cdd\" data-element_type=\"column\">\n\t\t\t<div class=\"elementor-widget-wrap elementor-element-populated\">\n\t\t\t\t\t\t<div class=\"elementor-element elementor-element-77423b5 elementor-widget elementor-widget-image\" data-id=\"77423b5\" data-element_type=\"widget\" data-widget_type=\"image.default\">\n\t\t\t\t<div class=\"elementor-widget-container\">\n\t\t\t\t\t\t\t\t\t\t\t\t\t\t\t<img fetchpriority=\"high\" decoding=\"async\" width=\"1024\" height=\"1024\" src=\"https:\/\/reluxeharmony.com\/wp-content\/uploads\/2023\/12\/WhatsApp-Image-2023-12-17-at-3.21.31-PM-1024x1024.jpeg\" class=\"attachment-large size-large wp-image-54003\" alt=\"\" srcset=\"https:\/\/reluxeharmony.com\/wp-content\/uploads\/2023\/12\/WhatsApp-Image-2023-12-17-at-3.21.31-PM-1024x1024.jpeg 1024w, https:\/\/reluxeharmony.com\/wp-content\/uploads\/2023\/12\/WhatsApp-Image-2023-12-17-at-3.21.31-PM-300x300.jpeg 300w, https:\/\/reluxeharmony.com\/wp-content\/uploads\/2023\/12\/WhatsApp-Image-2023-12-17-at-3.21.31-PM-150x150.jpeg 150w, https:\/\/reluxeharmony.com\/wp-content\/uploads\/2023\/12\/WhatsApp-Image-2023-12-17-at-3.21.31-PM-768x768.jpeg 768w, https:\/\/reluxeharmony.com\/wp-content\/uploads\/2023\/12\/WhatsApp-Image-2023-12-17-at-3.21.31-PM-600x600.jpeg 600w, https:\/\/reluxeharmony.com\/wp-content\/uploads\/2023\/12\/WhatsApp-Image-2023-12-17-at-3.21.31-PM-496x496.jpeg 496w, https:\/\/reluxeharmony.com\/wp-content\/uploads\/2023\/12\/WhatsApp-Image-2023-12-17-at-3.21.31-PM.jpeg 1280w\" sizes=\"(max-width: 1024px) 100vw, 1024px\" \/>\t\t\t\t\t\t\t\t\t\t\t\t\t\t\t<\/div>\n\t\t\t\t<\/div>\n\t\t\t\t\t<\/div>\n\t\t<\/div>\n\t\t\t\t\t<\/div>\n\t\t<\/section>\n\t\t\t\t<\/div>\n\t\t","protected":false},"excerpt":{"rendered":"<p>Guide pour l&#8217;achat sur plan Le march\u00e9 immobilier de Duba\u00ef est l&#8217;un de ceux qui connaissent la croissance la plus rapide au monde et il est r\u00e9put\u00e9 pour offrir des perspectives d&#8217;investissement attrayantes. Les acheteurs potentiels disposent d&#8217;une pl\u00e9thore d&#8217;options immobili\u00e8res, allant des propri\u00e9t\u00e9s pr\u00eates \u00e0 l&#8217;emploi \u00e0 celles qui sont encore au stade de [&hellip;]<\/p>\n","protected":false},"author":2,"featured_media":0,"parent":0,"menu_order":0,"comment_status":"closed","ping_status":"closed","template":"template\/template-homepage.php","meta":{"footnotes":""},"class_list":["post-53999","page","type-page","status-publish","hentry"],"yoast_head":"<!-- This site is optimized with the Yoast SEO plugin v26.8 - https:\/\/yoast.com\/product\/yoast-seo-wordpress\/ -->\n<title>Guide pour l&#039;achat sur plan - Luxe Harmony Real Estate in Dubai<\/title>\n<meta name=\"robots\" content=\"index, follow, max-snippet:-1, max-image-preview:large, max-video-preview:-1\" \/>\n<link rel=\"canonical\" href=\"https:\/\/reluxeharmony.com\/fr\/guide-pour-lachat-sur-plan\/\" \/>\n<meta property=\"og:locale\" content=\"fr_FR\" \/>\n<meta property=\"og:type\" content=\"article\" \/>\n<meta property=\"og:title\" content=\"Guide pour l&#039;achat sur plan - Luxe Harmony Real Estate in Dubai\" \/>\n<meta property=\"og:description\" content=\"Guide pour l&#8217;achat sur plan Le march\u00e9 immobilier de Duba\u00ef est l&#8217;un de ceux qui connaissent la croissance la plus rapide au monde et il est r\u00e9put\u00e9 pour offrir des perspectives d&#8217;investissement attrayantes. Les acheteurs potentiels disposent d&#8217;une pl\u00e9thore d&#8217;options immobili\u00e8res, allant des propri\u00e9t\u00e9s pr\u00eates \u00e0 l&#8217;emploi \u00e0 celles qui sont encore au stade de [&hellip;]\" \/>\n<meta property=\"og:url\" content=\"https:\/\/reluxeharmony.com\/fr\/guide-pour-lachat-sur-plan\/\" \/>\n<meta property=\"og:site_name\" content=\"Luxe Harmony Real Estate in Dubai\" \/>\n<meta property=\"og:image\" content=\"https:\/\/reluxeharmony.com\/wp-content\/uploads\/2023\/12\/WhatsApp-Image-2023-12-17-at-3.21.31-PM-1024x1024.jpeg\" \/>\n<meta name=\"twitter:card\" content=\"summary_large_image\" \/>\n<meta name=\"twitter:label1\" content=\"Dur\u00e9e de lecture estim\u00e9e\" \/>\n\t<meta name=\"twitter:data1\" content=\"2 minutes\" \/>\n<script type=\"application\/ld+json\" class=\"yoast-schema-graph\">{\"@context\":\"https:\/\/schema.org\",\"@graph\":[{\"@type\":\"WebPage\",\"@id\":\"https:\/\/reluxeharmony.com\/fr\/guide-pour-lachat-sur-plan\/\",\"url\":\"https:\/\/reluxeharmony.com\/fr\/guide-pour-lachat-sur-plan\/\",\"name\":\"Guide pour l'achat sur plan - Luxe Harmony Real Estate in Dubai\",\"isPartOf\":{\"@id\":\"https:\/\/reluxeharmony.com\/fr\/#website\"},\"primaryImageOfPage\":{\"@id\":\"https:\/\/reluxeharmony.com\/fr\/guide-pour-lachat-sur-plan\/#primaryimage\"},\"image\":{\"@id\":\"https:\/\/reluxeharmony.com\/fr\/guide-pour-lachat-sur-plan\/#primaryimage\"},\"thumbnailUrl\":\"https:\/\/reluxeharmony.com\/wp-content\/uploads\/2023\/12\/WhatsApp-Image-2023-12-17-at-3.21.31-PM-1024x1024.jpeg\",\"datePublished\":\"2024-02-01T12:00:00+00:00\",\"breadcrumb\":{\"@id\":\"https:\/\/reluxeharmony.com\/fr\/guide-pour-lachat-sur-plan\/#breadcrumb\"},\"inLanguage\":\"fr-FR\",\"potentialAction\":[{\"@type\":\"ReadAction\",\"target\":[\"https:\/\/reluxeharmony.com\/fr\/guide-pour-lachat-sur-plan\/\"]}]},{\"@type\":\"ImageObject\",\"inLanguage\":\"fr-FR\",\"@id\":\"https:\/\/reluxeharmony.com\/fr\/guide-pour-lachat-sur-plan\/#primaryimage\",\"url\":\"https:\/\/reluxeharmony.com\/wp-content\/uploads\/2023\/12\/WhatsApp-Image-2023-12-17-at-3.21.31-PM-1024x1024.jpeg\",\"contentUrl\":\"https:\/\/reluxeharmony.com\/wp-content\/uploads\/2023\/12\/WhatsApp-Image-2023-12-17-at-3.21.31-PM-1024x1024.jpeg\"},{\"@type\":\"BreadcrumbList\",\"@id\":\"https:\/\/reluxeharmony.com\/fr\/guide-pour-lachat-sur-plan\/#breadcrumb\",\"itemListElement\":[{\"@type\":\"ListItem\",\"position\":1,\"name\":\"Home\",\"item\":\"https:\/\/reluxeharmony.com\/fr\/\"},{\"@type\":\"ListItem\",\"position\":2,\"name\":\"Guide pour l&#8217;achat sur plan\"}]},{\"@type\":\"WebSite\",\"@id\":\"https:\/\/reluxeharmony.com\/fr\/#website\",\"url\":\"https:\/\/reluxeharmony.com\/fr\/\",\"name\":\"Luxe Harmony Real Estate in Dubai\",\"description\":\"\",\"potentialAction\":[{\"@type\":\"SearchAction\",\"target\":{\"@type\":\"EntryPoint\",\"urlTemplate\":\"https:\/\/reluxeharmony.com\/fr\/?s={search_term_string}\"},\"query-input\":{\"@type\":\"PropertyValueSpecification\",\"valueRequired\":true,\"valueName\":\"search_term_string\"}}],\"inLanguage\":\"fr-FR\"}]}<\/script>\n<!-- \/ Yoast SEO plugin. -->","yoast_head_json":{"title":"Guide pour l'achat sur plan - Luxe Harmony Real Estate in Dubai","robots":{"index":"index","follow":"follow","max-snippet":"max-snippet:-1","max-image-preview":"max-image-preview:large","max-video-preview":"max-video-preview:-1"},"canonical":"https:\/\/reluxeharmony.com\/fr\/guide-pour-lachat-sur-plan\/","og_locale":"fr_FR","og_type":"article","og_title":"Guide pour l'achat sur plan - Luxe Harmony Real Estate in Dubai","og_description":"Guide pour l&#8217;achat sur plan Le march\u00e9 immobilier de Duba\u00ef est l&#8217;un de ceux qui connaissent la croissance la plus rapide au monde et il est r\u00e9put\u00e9 pour offrir des perspectives d&#8217;investissement attrayantes. Les acheteurs potentiels disposent d&#8217;une pl\u00e9thore d&#8217;options immobili\u00e8res, allant des propri\u00e9t\u00e9s pr\u00eates \u00e0 l&#8217;emploi \u00e0 celles qui sont encore au stade de [&hellip;]","og_url":"https:\/\/reluxeharmony.com\/fr\/guide-pour-lachat-sur-plan\/","og_site_name":"Luxe Harmony Real Estate in Dubai","og_image":[{"url":"https:\/\/reluxeharmony.com\/wp-content\/uploads\/2023\/12\/WhatsApp-Image-2023-12-17-at-3.21.31-PM-1024x1024.jpeg","type":"","width":"","height":""}],"twitter_card":"summary_large_image","twitter_misc":{"Dur\u00e9e de lecture estim\u00e9e":"2 minutes"},"schema":{"@context":"https:\/\/schema.org","@graph":[{"@type":"WebPage","@id":"https:\/\/reluxeharmony.com\/fr\/guide-pour-lachat-sur-plan\/","url":"https:\/\/reluxeharmony.com\/fr\/guide-pour-lachat-sur-plan\/","name":"Guide pour l'achat sur plan - Luxe Harmony Real Estate in Dubai","isPartOf":{"@id":"https:\/\/reluxeharmony.com\/fr\/#website"},"primaryImageOfPage":{"@id":"https:\/\/reluxeharmony.com\/fr\/guide-pour-lachat-sur-plan\/#primaryimage"},"image":{"@id":"https:\/\/reluxeharmony.com\/fr\/guide-pour-lachat-sur-plan\/#primaryimage"},"thumbnailUrl":"https:\/\/reluxeharmony.com\/wp-content\/uploads\/2023\/12\/WhatsApp-Image-2023-12-17-at-3.21.31-PM-1024x1024.jpeg","datePublished":"2024-02-01T12:00:00+00:00","breadcrumb":{"@id":"https:\/\/reluxeharmony.com\/fr\/guide-pour-lachat-sur-plan\/#breadcrumb"},"inLanguage":"fr-FR","potentialAction":[{"@type":"ReadAction","target":["https:\/\/reluxeharmony.com\/fr\/guide-pour-lachat-sur-plan\/"]}]},{"@type":"ImageObject","inLanguage":"fr-FR","@id":"https:\/\/reluxeharmony.com\/fr\/guide-pour-lachat-sur-plan\/#primaryimage","url":"https:\/\/reluxeharmony.com\/wp-content\/uploads\/2023\/12\/WhatsApp-Image-2023-12-17-at-3.21.31-PM-1024x1024.jpeg","contentUrl":"https:\/\/reluxeharmony.com\/wp-content\/uploads\/2023\/12\/WhatsApp-Image-2023-12-17-at-3.21.31-PM-1024x1024.jpeg"},{"@type":"BreadcrumbList","@id":"https:\/\/reluxeharmony.com\/fr\/guide-pour-lachat-sur-plan\/#breadcrumb","itemListElement":[{"@type":"ListItem","position":1,"name":"Home","item":"https:\/\/reluxeharmony.com\/fr\/"},{"@type":"ListItem","position":2,"name":"Guide pour l&#8217;achat sur plan"}]},{"@type":"WebSite","@id":"https:\/\/reluxeharmony.com\/fr\/#website","url":"https:\/\/reluxeharmony.com\/fr\/","name":"Luxe Harmony Real Estate in Dubai","description":"","potentialAction":[{"@type":"SearchAction","target":{"@type":"EntryPoint","urlTemplate":"https:\/\/reluxeharmony.com\/fr\/?s={search_term_string}"},"query-input":{"@type":"PropertyValueSpecification","valueRequired":true,"valueName":"search_term_string"}}],"inLanguage":"fr-FR"}]}},"_links":{"self":[{"href":"https:\/\/reluxeharmony.com\/fr\/wp-json\/wp\/v2\/pages\/53999","targetHints":{"allow":["GET"]}}],"collection":[{"href":"https:\/\/reluxeharmony.com\/fr\/wp-json\/wp\/v2\/pages"}],"about":[{"href":"https:\/\/reluxeharmony.com\/fr\/wp-json\/wp\/v2\/types\/page"}],"author":[{"embeddable":true,"href":"https:\/\/reluxeharmony.com\/fr\/wp-json\/wp\/v2\/users\/2"}],"replies":[{"embeddable":true,"href":"https:\/\/reluxeharmony.com\/fr\/wp-json\/wp\/v2\/comments?post=53999"}],"version-history":[{"count":6,"href":"https:\/\/reluxeharmony.com\/fr\/wp-json\/wp\/v2\/pages\/53999\/revisions"}],"predecessor-version":[{"id":54649,"href":"https:\/\/reluxeharmony.com\/fr\/wp-json\/wp\/v2\/pages\/53999\/revisions\/54649"}],"wp:attachment":[{"href":"https:\/\/reluxeharmony.com\/fr\/wp-json\/wp\/v2\/media?parent=53999"}],"curies":[{"name":"wp","href":"https:\/\/api.w.org\/{rel}","templated":true}]}}